{"id":1002,"date":"2021-10-08T06:08:04","date_gmt":"2021-10-08T06:08:04","guid":{"rendered":"http:\/\/greenidea.pt\/?page_id=1002"},"modified":"2022-04-26T19:57:09","modified_gmt":"2022-04-26T19:57:09","slug":"about","status":"publish","type":"page","link":"https:\/\/greenidea.pt\/?page_id=1002","title":{"rendered":"Sobre n\u00f3s"},"content":{"rendered":"\n<div class=\"wp-container-1 wp-block-group alignfull has-ast-global-color-5-background-color has-background\"><div class=\"wp-block-group__inner-container\">\n<div class=\"wp-block-columns\">\n<div class=\"wp-block-column\" style=\"flex-basis:33.33%\">\n<div class=\"wp-block-uagb-advanced-heading uagb-block-e30408b0 uagb-heading-text\"><h2 class=\"uagb-heading-text\"><br><br>Greenidea<\/h2><div class=\"uagb-separator-wrap\"><div class=\"uagb-separator\"><\/div><\/div><p class=\"uagb-desc-text\"><\/p><\/div>\n<\/div>\n\n\n\n<div class=\"wp-block-column\" style=\"flex-basis:66.66%\">\n<h3>Nos fornecemos e mantemos suas plantas  saud\u00e1veis<\/h3>\n\n\n\n<p>A Greenidea cuida de suas plantas com carinho. Fazemos manuten\u00e7\u00e3o em \u00e1reas internas ou pequenos jardins. <br>Conhe\u00e7a nossa Assinatura Floral. Tenha sempre plantas novas em seu espa\u00e7o.  Planos semanais, quinzenais ou mensais.<br>Visite nossa loja, plantas e arranjos diferenciados.<\/p>\n<\/div>\n<\/div>\n<\/div><\/div>\n\n\n\n<div class=\"wp-container-2 wp-block-group alignfull has-ast-global-color-5-background-color has-background\"><div class=\"wp-block-group__inner-container\">\n<div class=\"wp-block-image\"><figure class=\"aligncenter size-large is-resized\"><img loading=\"lazy\" src=\"https:\/\/websitedemos.net\/plant-shop-08\/wp-content\/uploads\/sites\/964\/2021\/08\/Group-107-1024x512.jpg\" alt=\"\" class=\"wp-image-298\" width=\"1024\" height=\"512\" srcset=\"https:\/\/greenidea.pt\/wp-content\/uploads\/2021\/08\/Group-107-1024x512.jpg 1024w, https:\/\/greenidea.pt\/wp-content\/uploads\/2021\/08\/Group-107-600x300.jpg 600w, https:\/\/greenidea.pt\/wp-content\/uploads\/2021\/08\/Group-107-300x150.jpg 300w, https:\/\/greenidea.pt\/wp-content\/uploads\/2021\/08\/Group-107-768x384.jpg 768w, https:\/\/greenidea.pt\/wp-content\/uploads\/2021\/08\/Group-107.jpg 1200w\" sizes=\"(max-width: 1024px) 100vw, 1024px\" \/><\/figure><\/div>\n<\/div><\/div>\n\n\n\n<div class=\"wp-container-3 wp-block-group alignfull has-ast-global-color-5-background-color has-background\"><div class=\"wp-block-group__inner-container\">\n<div class=\"wp-block-columns alignfull\">\n<div class=\"wp-block-column\" style=\"flex-basis:33.33%\">\n<h6>Our Story<\/h6>\n<\/div>\n\n\n\n<div class=\"wp-block-column\" style=\"flex-basis:66.66%\">\n<p>Tristique dapibus porta viverra sit accumsan integer semper dolor etiam id iaculis feugiat egestas urna est magna euismod donec facilisis sed integer orci ac.<\/p>\n\n\n\n<p>Mi et tincidunt ut pellentesque arcu molestie dolor, nunc feugiat sit mauris semper platea urna, sapien fermentum venenatis etiam enim ullamcorper phasellus tortor justo, et, pellentesque pellentesque sapien faucibus in adipiscing risus adipiscing bibendum in nec eget tincidunt in in sed magna arcu molestie nec mauris quisque.<\/p>\n\n\n\n<p>Feugiat lacus sagittis, mauris, lobortis velit ullamcorper vitae in volutpat faucibus elementum, sodales orci mi fames molestie venenatis nunc hendrerit.<\/p>\n\n\n\n<div class=\"wp-block-uagb-info-box uagb-infobox__outer-wrap uagb-block-e3ca69ab\"><div class=\"uagb-infobox__content-wrap uagb-infobox uagb-infobox-has-icon uagb-infobox-icon-left-title uagb-infobox-left uagb-infobox-image-valign-top uagb-infobox-enable-border-radius \"><div class=\"uagb-ifb-left-right-wrap\"><div class=\"uagb-ifb-content\"><div class=\"uagb-ifb-left-title-image\"><div class=\"uagb-ifb-image-icon-content uagb-ifb-imgicon-wrap\"><div class=\"uagb-ifb-icon-wrap\"><span class=\"uagb-ifb-icon\"><svg xmlns=\"http:\/\/www.w3.org\/2000\/svg\" viewbox=\"0 0 512 512\"><path d=\"M464 256h-80v-64c0-35.3 28.7-64 64-64h8c13.3 0 24-10.7 24-24V56c0-13.3-10.7-24-24-24h-8c-88.4 0-160 71.6-160 160v240c0 26.5 21.5 48 48 48h128c26.5 0 48-21.5 48-48V304c0-26.5-21.5-48-48-48zm-288 0H96v-64c0-35.3 28.7-64 64-64h8c13.3 0 24-10.7 24-24V56c0-13.3-10.7-24-24-24h-8C71.6 32 0 103.6 0 192v240c0 26.5 21.5 48 48 48h128c26.5 0 48-21.5 48-48V304c0-26.5-21.5-48-48-48z\"><\/path><\/svg><\/span><\/div><\/div><div class=\"uagb-ifb-title-wrap\"><\/div><\/div><div class=\"uagb-ifb-text-wrap\"><p class=\"uagb-ifb-desc\">Massa aliquam montes, odio porttitor sit ac maecenas interdum ut tincidunt nisl erat quam eu natoque in nisl, lobortis sapien in nec ullamcorper vel.<\/p><\/div><\/div><\/div><\/div><\/div>\n\n\n\n<div class=\"wp-block-columns are-vertically-aligned-center\">\n<div class=\"wp-block-column is-vertically-aligned-center\" style=\"flex-basis:15%\">\n<div class=\"wp-block-image is-style-rounded\"><figure class=\"alignleft size-large is-resized\"><img loading=\"lazy\" src=\"https:\/\/greenidea.pt\/wp-content\/uploads\/2022\/04\/2020-08-30-13.49.18-498x1024.jpg\" alt=\"\" class=\"wp-image-1134\" width=\"67\" height=\"137\" srcset=\"https:\/\/greenidea.pt\/wp-content\/uploads\/2022\/04\/2020-08-30-13.49.18-498x1024.jpg 498w, https:\/\/greenidea.pt\/wp-content\/uploads\/2022\/04\/2020-08-30-13.49.18-scaled-600x1235.jpg 600w, https:\/\/greenidea.pt\/wp-content\/uploads\/2022\/04\/2020-08-30-13.49.18-146x300.jpg 146w, https:\/\/greenidea.pt\/wp-content\/uploads\/2022\/04\/2020-08-30-13.49.18-768x1580.jpg 768w, https:\/\/greenidea.pt\/wp-content\/uploads\/2022\/04\/2020-08-30-13.49.18-747x1536.jpg 747w, https:\/\/greenidea.pt\/wp-content\/uploads\/2022\/04\/2020-08-30-13.49.18-996x2048.jpg 996w, https:\/\/greenidea.pt\/wp-content\/uploads\/2022\/04\/2020-08-30-13.49.18-scaled.jpg 1244w\" sizes=\"(max-width: 67px) 100vw, 67px\" \/><\/figure><\/div>\n<\/div>\n\n\n\n<div class=\"wp-block-column is-vertically-aligned-center\" style=\"flex-basis:85%\">\n<h6>LIGIA Alipio<\/h6>\n\n\n\n<p class=\"has-small-font-size\">Founder, Owner<a href=\"http:\/\/greenidea.pt\/wp-content\/uploads\/2021\/08\/plants-store-gallery-img-6.jpg\"><\/a><\/p>\n<\/div>\n<\/div>\n<\/div>\n<\/div>\n<\/div><\/div>\n\n\n\n<div class=\"wp-container-4 wp-block-group alignfull has-ast-global-color-5-background-color has-background\"><div class=\"wp-block-group__inner-container\">\n<figure class=\"wp-block-gallery has-nested-images columns-default is-cropped\">\n<figure class=\"wp-block-image size-large\"><img loading=\"lazy\" width=\"400\" height=\"400\" src=\"http:\/\/greenidea.pt\/wp-content\/uploads\/2021\/08\/plants-store-gallery-img-6.jpg\" alt=\"\" class=\"wp-image-305\" srcset=\"https:\/\/greenidea.pt\/wp-content\/uploads\/2021\/08\/plants-store-gallery-img-6.jpg 400w, https:\/\/greenidea.pt\/wp-content\/uploads\/2021\/08\/plants-store-gallery-img-6-300x300.jpg 300w, https:\/\/greenidea.pt\/wp-content\/uploads\/2021\/08\/plants-store-gallery-img-6-100x100.jpg 100w, https:\/\/greenidea.pt\/wp-content\/uploads\/2021\/08\/plants-store-gallery-img-6-150x150.jpg 150w\" sizes=\"(max-width: 400px) 100vw, 400px\" \/><\/figure>\n\n\n\n<figure class=\"wp-block-image size-large\"><img loading=\"lazy\" width=\"400\" height=\"400\" src=\"http:\/\/greenidea.pt\/wp-content\/uploads\/2021\/08\/plants-store-gallery-img-1.jpg\" alt=\"\" class=\"wp-image-306\" srcset=\"https:\/\/greenidea.pt\/wp-content\/uploads\/2021\/08\/plants-store-gallery-img-1.jpg 400w, https:\/\/greenidea.pt\/wp-content\/uploads\/2021\/08\/plants-store-gallery-img-1-300x300.jpg 300w, https:\/\/greenidea.pt\/wp-content\/uploads\/2021\/08\/plants-store-gallery-img-1-100x100.jpg 100w, https:\/\/greenidea.pt\/wp-content\/uploads\/2021\/08\/plants-store-gallery-img-1-150x150.jpg 150w\" sizes=\"(max-width: 400px) 100vw, 400px\" \/><\/figure>\n\n\n\n<figure class=\"wp-block-image size-large\"><img loading=\"lazy\" width=\"400\" height=\"400\" src=\"http:\/\/greenidea.pt\/wp-content\/uploads\/2021\/08\/plants-store-gallery-img-2.jpg\" alt=\"\" class=\"wp-image-307\" srcset=\"https:\/\/greenidea.pt\/wp-content\/uploads\/2021\/08\/plants-store-gallery-img-2.jpg 400w, https:\/\/greenidea.pt\/wp-content\/uploads\/2021\/08\/plants-store-gallery-img-2-300x300.jpg 300w, https:\/\/greenidea.pt\/wp-content\/uploads\/2021\/08\/plants-store-gallery-img-2-100x100.jpg 100w, https:\/\/greenidea.pt\/wp-content\/uploads\/2021\/08\/plants-store-gallery-img-2-150x150.jpg 150w\" sizes=\"(max-width: 400px) 100vw, 400px\" \/><\/figure>\n\n\n\n<figure class=\"wp-block-image size-large\"><img loading=\"lazy\" width=\"400\" height=\"400\" src=\"http:\/\/greenidea.pt\/wp-content\/uploads\/2021\/08\/plants-store-gallery-img-3.jpg\" alt=\"\" class=\"wp-image-308\" srcset=\"https:\/\/greenidea.pt\/wp-content\/uploads\/2021\/08\/plants-store-gallery-img-3.jpg 400w, https:\/\/greenidea.pt\/wp-content\/uploads\/2021\/08\/plants-store-gallery-img-3-300x300.jpg 300w, https:\/\/greenidea.pt\/wp-content\/uploads\/2021\/08\/plants-store-gallery-img-3-100x100.jpg 100w, https:\/\/greenidea.pt\/wp-content\/uploads\/2021\/08\/plants-store-gallery-img-3-150x150.jpg 150w\" sizes=\"(max-width: 400px) 100vw, 400px\" \/><\/figure>\n\n\n\n<figure class=\"wp-block-image size-large\"><img loading=\"lazy\" width=\"400\" height=\"400\" src=\"http:\/\/greenidea.pt\/wp-content\/uploads\/2021\/08\/plants-store-gallery-img-4.jpg\" alt=\"\" class=\"wp-image-309\" srcset=\"https:\/\/greenidea.pt\/wp-content\/uploads\/2021\/08\/plants-store-gallery-img-4.jpg 400w, https:\/\/greenidea.pt\/wp-content\/uploads\/2021\/08\/plants-store-gallery-img-4-300x300.jpg 300w, https:\/\/greenidea.pt\/wp-content\/uploads\/2021\/08\/plants-store-gallery-img-4-100x100.jpg 100w, https:\/\/greenidea.pt\/wp-content\/uploads\/2021\/08\/plants-store-gallery-img-4-150x150.jpg 150w\" sizes=\"(max-width: 400px) 100vw, 400px\" \/><\/figure>\n\n\n\n<figure class=\"wp-block-image size-large\"><img loading=\"lazy\" width=\"400\" height=\"400\" src=\"http:\/\/greenidea.pt\/wp-content\/uploads\/2021\/08\/plants-store-gallery-img-5.jpg\" alt=\"\" class=\"wp-image-310\" srcset=\"https:\/\/greenidea.pt\/wp-content\/uploads\/2021\/08\/plants-store-gallery-img-5.jpg 400w, https:\/\/greenidea.pt\/wp-content\/uploads\/2021\/08\/plants-store-gallery-img-5-300x300.jpg 300w, https:\/\/greenidea.pt\/wp-content\/uploads\/2021\/08\/plants-store-gallery-img-5-100x100.jpg 100w, https:\/\/greenidea.pt\/wp-content\/uploads\/2021\/08\/plants-store-gallery-img-5-150x150.jpg 150w\" sizes=\"(max-width: 400px) 100vw, 400px\" \/><\/figure>\n<\/figure>\n<\/div><\/div>\n","protected":false},"excerpt":{"rendered":"<p>Nos fornecemos e mantemos suas plantas saud\u00e1veis A Greenidea cuida de suas plantas com carinho. Fazemos manuten\u00e7\u00e3o em \u00e1reas internas ou pequenos jardins. Conhe\u00e7a nossa Assinatura Floral. Tenha sempre plantas novas em seu espa\u00e7o. Planos semanais, quinzenais ou mensais.Visite nossa loja, plantas e arranjos diferenciados. Our Story Tristique dapibus porta viverra sit accumsan integer semper &hellip;<\/p>\n<p class=\"read-more\"> <a class=\"\" href=\"https:\/\/greenidea.pt\/?page_id=1002\"> <span class=\"screen-reader-text\">Sobre n\u00f3s<\/span> Read More &raquo;<\/a><\/p>\n","protected":false},"author":1,"featured_media":0,"parent":0,"menu_order":0,"comment_status":"closed","ping_status":"closed","template":"","meta":{"site-sidebar-layout":"no-sidebar","site-content-layout":"plain-container","ast-main-header-display":"","ast-hfb-above-header-display":"","ast-hfb-below-header-display":"","ast-hfb-mobile-header-display":"","site-post-title":"disabled","ast-breadcrumbs-content":"","ast-featured-img":"disabled","footer-sml-layout":"","theme-transparent-header-meta":"disabled","adv-header-id-meta":"","stick-header-meta":"","header-above-stick-meta":"","header-main-stick-meta":"","header-below-stick-meta":""},"uagb_featured_image_src":{"full":false,"thumbnail":false,"medium":false,"medium_large":false,"large":false,"1536x1536":false,"2048x2048":false,"woocommerce_thumbnail":false,"woocommerce_single":false,"woocommerce_gallery_thumbnail":false,"shop_catalog":false,"shop_single":false,"shop_thumbnail":false},"uagb_author_info":{"display_name":"l.pitaluga@gmail.com","author_link":"https:\/\/greenidea.pt\/?author=1"},"uagb_comment_info":0,"uagb_excerpt":"Nos fornecemos e mantemos suas plantas saud\u00e1veis A Greenidea cuida de suas plantas com carinho. Fazemos manuten\u00e7\u00e3o em \u00e1reas internas ou pequenos jardins. Conhe\u00e7a nossa Assinatura Floral. Tenha sempre plantas novas em seu espa\u00e7o. Planos semanais, quinzenais ou mensais.Visite nossa loja, plantas e arranjos diferenciados. Our Story Tristique dapibus porta viverra sit accumsan integer semper&hellip;","_links":{"self":[{"href":"https:\/\/greenidea.pt\/index.php?rest_route=\/wp\/v2\/pages\/1002"}],"collection":[{"href":"https:\/\/greenidea.pt\/index.php?rest_route=\/wp\/v2\/pages"}],"about":[{"href":"https:\/\/greenidea.pt\/index.php?rest_route=\/wp\/v2\/types\/page"}],"author":[{"embeddable":true,"href":"https:\/\/greenidea.pt\/index.php?rest_route=\/wp\/v2\/users\/1"}],"replies":[{"embeddable":true,"href":"https:\/\/greenidea.pt\/index.php?rest_route=%2Fwp%2Fv2%2Fcomments&post=1002"}],"version-history":[{"count":4,"href":"https:\/\/greenidea.pt\/index.php?rest_route=\/wp\/v2\/pages\/1002\/revisions"}],"predecessor-version":[{"id":1136,"href":"https:\/\/greenidea.pt\/index.php?rest_route=\/wp\/v2\/pages\/1002\/revisions\/1136"}],"wp:attachment":[{"href":"https:\/\/greenidea.pt\/index.php?rest_route=%2Fwp%2Fv2%2Fmedia&parent=1002"}],"curies":[{"name":"wp","href":"https:\/\/api.w.org\/{rel}","templated":true}]}}